{"id":1878,"date":"2023-04-22T20:16:18","date_gmt":"2023-04-22T20:16:18","guid":{"rendered":"https:\/\/daemspilotservice.be\/kontakt\/"},"modified":"2023-07-17T14:00:08","modified_gmt":"2023-07-17T14:00:08","slug":"kontakt","status":"publish","type":"page","link":"https:\/\/daemspilotservice.be\/de\/kontakt\/","title":{"rendered":"Kontakt"},"content":{"rendered":"<section class=\"l-section wpb_row us_custom_84a73243 height_auto\"><div class=\"l-section-h i-cf\"><div class=\"g-cols vc_row via_flex valign_top type_default stacking_default\"><div class=\"vc_col-sm-12 wpb_column vc_column_container\"><div class=\"vc_column-inner\"><div class=\"wpb_wrapper\"><div class=\"g-cols wpb_row via_flex valign_top type_default stacking_default\"><div class=\"vc_col-sm-6 wpb_column vc_column_container\"><div class=\"vc_column-inner\"><div class=\"wpb_wrapper\"><h3 class=\"w-text yellow-underlined\"><span url class=\"w-text-h\"><span class=\"w-text-value\">M\u00f6chten Sie mehr erfahren oder ein Angebot anfordern?<\/span><\/span><\/h3><div class=\"wpb_text_column\"><div class=\"wpb_wrapper\"><p>Wir haben unser Bestes getan, um Ihnen auf unserer Website einen Eindruck davon zu vermitteln, wer wir sind und was wir tun. Aber jeder Auftrag ist anders, und jeder au\u00dfergew\u00f6hnliche Transport hat einzigartige Anforderungen und Parameter. Z\u00f6gern Sie also nicht, Ihre Frage zu stellen oder einen Kommentar zu schicken! Wir sind neugierig und freuen uns darauf, Sie zu unterst\u00fctzen. Und Sie kennen die Antwort nicht \u00e0 la minute? Dann werden wir es f\u00fcr Sie herausfinden! Gemeinsam sorgen wir daf\u00fcr, dass Ihre au\u00dfergew\u00f6hnliche Fracht einwandfrei und reibungslos ihr Ziel erreicht!<\/p>\n<\/div><\/div><div class=\"w-separator size_medium\"><\/div><h3 class=\"w-text yellow-underlined\"><span url class=\"w-text-h\"><span class=\"w-text-value\">Kontakt-Formular<\/span><\/span><\/h3>\n<div class=\"wpcf7 no-js\" id=\"wpcf7-f2007-o1\" lang=\"de-DE\" dir=\"ltr\" data-wpcf7-id=\"2007\">\n<div class=\"screen-reader-response\"><p role=\"status\" aria-live=\"polite\" aria-atomic=\"true\"><\/p> <ul><\/ul><\/div>\n<form action=\"\/de\/wp-json\/wp\/v2\/pages\/1878#wpcf7-f2007-o1\" method=\"post\" class=\"wpcf7-form init\" aria-label=\"Kontaktformular\" novalidate=\"novalidate\" data-status=\"init\">\n<fieldset class=\"hidden-fields-container\"><input type=\"hidden\" name=\"_wpcf7\" value=\"2007\" \/><input type=\"hidden\" name=\"_wpcf7_version\" value=\"6.1.5\" \/><input type=\"hidden\" name=\"_wpcf7_locale\" value=\"de_DE\" \/><input type=\"hidden\" name=\"_wpcf7_unit_tag\" value=\"wpcf7-f2007-o1\" \/><input type=\"hidden\" name=\"_wpcf7_container_post\" value=\"0\" \/><input type=\"hidden\" name=\"_wpcf7_posted_data_hash\" value=\"\" \/><input type=\"hidden\" name=\"_wpcf7_recaptcha_response\" value=\"\" \/>\n<\/fieldset>\n<p><label> Name*<br \/>\n<span class=\"wpcf7-form-control-wrap\" data-name=\"your-name\"><input size=\"40\" maxlength=\"400\" class=\"wpcf7-form-control wpcf7-text wpcf7-validates-as-required\" autocomplete=\"name\" aria-required=\"true\" aria-invalid=\"false\" value=\"\" type=\"text\" name=\"your-name\" \/><\/span> <\/label>\n<\/p>\n<p><label> E-Mail Adresse*<br \/>\n<span class=\"wpcf7-form-control-wrap\" data-name=\"your-email\"><input size=\"40\" maxlength=\"400\" class=\"wpcf7-form-control wpcf7-email wpcf7-validates-as-required wpcf7-text wpcf7-validates-as-email\" autocomplete=\"email\" aria-required=\"true\" aria-invalid=\"false\" value=\"\" type=\"email\" name=\"your-email\" \/><\/span> <\/label>\n<\/p>\n<p><label> Thema*<br \/>\n<span class=\"wpcf7-form-control-wrap\" data-name=\"your-subject\"><input size=\"40\" maxlength=\"400\" class=\"wpcf7-form-control wpcf7-text wpcf7-validates-as-required\" aria-required=\"true\" aria-invalid=\"false\" value=\"\" type=\"text\" name=\"your-subject\" \/><\/span> <\/label>\n<\/p>\n<p><label> Nachricht*<br \/>\n<span class=\"wpcf7-form-control-wrap\" data-name=\"your-message\"><textarea cols=\"40\" rows=\"10\" maxlength=\"2000\" class=\"wpcf7-form-control wpcf7-textarea wpcf7-validates-as-required\" aria-required=\"true\" aria-invalid=\"false\" name=\"your-message\"><\/textarea><\/span> <\/label>\n<\/p>\n<p><input class=\"wpcf7-form-control wpcf7-submit has-spinner\" type=\"submit\" value=\"Verzenden\" \/>\n<\/p>\n<p>( Die mit * gekennzeichneten Felder bitte ausf\u00fcllen )\n<\/p><p style=\"display: none !important;\" class=\"akismet-fields-container\" data-prefix=\"_wpcf7_ak_\"><label>&#916;<textarea name=\"_wpcf7_ak_hp_textarea\" cols=\"45\" rows=\"8\" maxlength=\"100\"><\/textarea><\/label><input type=\"hidden\" id=\"ak_js_1\" name=\"_wpcf7_ak_js\" value=\"64\"\/><script>\ndocument.getElementById( \"ak_js_1\" ).setAttribute( \"value\", ( new Date() ).getTime() );\n<\/script>\n<\/p><div class=\"wpcf7-response-output\" aria-hidden=\"true\"><\/div>\n<\/form>\n<\/div>\n<\/div><\/div><\/div><div class=\"vc_col-sm-6 wpb_column vc_column_container\"><div class=\"vc_column-inner\"><div class=\"wpb_wrapper\"><div class=\"w-hwrapper us_custom_ebacbb78 valign_top align_none\" style=\"--hwrapper-gap:1.20rem\"><div class=\"w-image has_ratio align_none\"><div url class=\"w-image-h\"><div style=\"padding-bottom:100%\"><\/div><img loading=\"lazy\" decoding=\"async\" width=\"1024\" height=\"1024\" src=\"https:\/\/daemspilotservice.be\/wp-content\/uploads\/2023\/05\/contact-1024x1024.jpg\" class=\"attachment-large size-large\" alt=\"\" srcset=\"https:\/\/daemspilotservice.be\/wp-content\/uploads\/2023\/05\/contact-1024x1024.jpg 1024w, https:\/\/daemspilotservice.be\/wp-content\/uploads\/2023\/05\/contact-300x300.jpg 300w, https:\/\/daemspilotservice.be\/wp-content\/uploads\/2023\/05\/contact-150x150.jpg 150w, https:\/\/daemspilotservice.be\/wp-content\/uploads\/2023\/05\/contact.jpg 1280w\" sizes=\"auto, (max-width: 1024px) 100vw, 1024px\" \/><\/div><\/div><\/div><\/div><\/div><\/div><\/div><\/div><\/div><\/div><\/div><\/div><\/section>\n","protected":false},"excerpt":{"rendered":"M\u00f6chten Sie mehr erfahren oder ein Angebot anfordern?Wir haben unser Bestes getan, um Ihnen auf unserer Website einen Eindruck davon zu vermitteln, wer wir sind und was wir tun. Aber jeder Auftrag ist anders, und jeder au\u00dfergew\u00f6hnliche Transport hat einzigartige Anforderungen und Parameter. Z\u00f6gern Sie also nicht, Ihre Frage zu stellen oder einen Kommentar zu...","protected":false},"author":1,"featured_media":836,"parent":0,"menu_order":0,"comment_status":"closed","ping_status":"closed","template":"","meta":{"footnotes":""},"categories":[],"tags":[],"class_list":["post-1878","page","type-page","status-publish","has-post-thumbnail","hentry"],"acf":[],"_links":{"self":[{"href":"https:\/\/daemspilotservice.be\/de\/wp-json\/wp\/v2\/pages\/1878","targetHints":{"allow":["GET"]}}],"collection":[{"href":"https:\/\/daemspilotservice.be\/de\/wp-json\/wp\/v2\/pages"}],"about":[{"href":"https:\/\/daemspilotservice.be\/de\/wp-json\/wp\/v2\/types\/page"}],"author":[{"embeddable":true,"href":"https:\/\/daemspilotservice.be\/de\/wp-json\/wp\/v2\/users\/1"}],"replies":[{"embeddable":true,"href":"https:\/\/daemspilotservice.be\/de\/wp-json\/wp\/v2\/comments?post=1878"}],"version-history":[{"count":0,"href":"https:\/\/daemspilotservice.be\/de\/wp-json\/wp\/v2\/pages\/1878\/revisions"}],"wp:featuredmedia":[{"embeddable":true,"href":"https:\/\/daemspilotservice.be\/de\/wp-json\/wp\/v2\/media\/836"}],"wp:attachment":[{"href":"https:\/\/daemspilotservice.be\/de\/wp-json\/wp\/v2\/media?parent=1878"}],"wp:term":[{"taxonomy":"category","embeddable":true,"href":"https:\/\/daemspilotservice.be\/de\/wp-json\/wp\/v2\/categories?post=1878"},{"taxonomy":"post_tag","embeddable":true,"href":"https:\/\/daemspilotservice.be\/de\/wp-json\/wp\/v2\/tags?post=1878"}],"curies":[{"name":"wp","href":"https:\/\/api.w.org\/{rel}","templated":true}]}}