{"id":1897,"date":"2023-04-22T20:15:42","date_gmt":"2023-04-22T20:15:42","guid":{"rendered":"https:\/\/daemspilotservice.be\/licencje\/"},"modified":"2023-07-17T14:00:10","modified_gmt":"2023-07-17T14:00:10","slug":"licencje","status":"publish","type":"page","link":"https:\/\/daemspilotservice.be\/pl\/nasze-uslugi\/licencje\/","title":{"rendered":"Licencje"},"content":{"rendered":"<section class=\"l-section wpb_row us_custom_84a73243 height_auto\"><div class=\"l-section-h i-cf\"><div class=\"g-cols vc_row via_flex valign_top type_default stacking_default\"><div class=\"vc_col-sm-12 wpb_column vc_column_container\"><div class=\"vc_column-inner\"><div class=\"wpb_wrapper\"><div class=\"g-cols wpb_row via_flex valign_top type_default stacking_default\"><div class=\"vc_col-sm-6 wpb_column vc_column_container\"><div class=\"vc_column-inner\"><div class=\"wpb_wrapper\"><h3 class=\"w-text\"><span url class=\"w-text-h\"><span class=\"w-text-value\">Ca\u0142a troska z twoich r\u0105k<\/span><\/span><\/h3><div class=\"wpb_text_column\"><div class=\"wpb_wrapper\"><p>Daems Pilot Service w Malle zajmuje si\u0119 niezb\u0119dnymi zezwoleniami i zwolnieniami, a tak\u017ce prowadzeniem, rekonesansem trasy i transportem wyj\u0105tkowego \u0142adunku. W ko\u0144cu \u017cyjemy w Europie, a to oznacza wiele przepis\u00f3w, administracji i biurokracji. Ka\u017cdy kraj jest inny, ka\u017cdy region ma swoje w\u0142asne przepisy lub wyj\u0105tki. W Daems Pilot Service dok\u0142adamy wszelkich stara\u0144, aby doskonale zdawa\u0107 sobie z tego spraw\u0119 i zdj\u0105\u0107 z Ciebie wszelkie zmartwienia. Jak to zrobi\u0107? Mo\u017cesz przeczyta\u0107 o tym na tej stronie.<\/p>\n<\/div><\/div><\/div><\/div><\/div><div class=\"vc_col-sm-6 wpb_column vc_column_container\"><div class=\"vc_column-inner\"><div class=\"wpb_wrapper\"><div class=\"w-hwrapper us_custom_ebacbb78 valign_top align_none\" style=\"--hwrapper-gap:1.20rem\"><div class=\"w-post-elm post_image has_ratio\"><div style=\"padding-bottom:100%\"><\/div><img loading=\"lazy\" decoding=\"async\" width=\"1920\" height=\"1080\" src=\"https:\/\/daemspilotservice.be\/wp-content\/uploads\/2023\/05\/vergunningen-header.jpg\" class=\"attachment-full size-full wp-post-image\" alt=\"Daems Pilot Service - Vergunningen voor uitzonderlijk transport\" srcset=\"https:\/\/daemspilotservice.be\/wp-content\/uploads\/2023\/05\/vergunningen-header.jpg 1920w, https:\/\/daemspilotservice.be\/wp-content\/uploads\/2023\/05\/vergunningen-header-300x169.jpg 300w, https:\/\/daemspilotservice.be\/wp-content\/uploads\/2023\/05\/vergunningen-header-1024x576.jpg 1024w\" sizes=\"auto, (max-width: 1920px) 100vw, 1920px\" \/><\/div><\/div><\/div><\/div><\/div><\/div><div class=\"w-separator size_medium\"><\/div><div class=\"g-cols wpb_row via_flex valign_top type_default stacking_default\"><div class=\"vc_col-sm-6 wpb_column vc_column_container\"><div class=\"vc_column-inner\"><div class=\"wpb_wrapper\"><h3 class=\"w-text\"><span url class=\"w-text-h\"><span class=\"w-text-value\">Niezb\u0119dne dokumenty<\/span><\/span><\/h3><div class=\"wpb_text_column\"><div class=\"wpb_wrapper\"><p>Zezwolenia transportowe s\u0105 niezb\u0119dnymi dokumentami upowa\u017cniaj\u0105cymi do transportu specjalnego, okre\u015blaj\u0105cymi warunki, ograniczenia i okres wa\u017cno\u015bci dla transportu specjalnego. Daems Pilot Service wie lepiej ni\u017c ktokolwiek inny, jak wa\u017cne s\u0105 te pozwolenia i dlatego pomagamy w poruszaniu si\u0119 po cz\u0119sto skomplikowanym procesie ubiegania si\u0119 o pozwolenie.<\/p>\n<\/div><\/div><\/div><\/div><\/div><div class=\"vc_col-sm-6 wpb_column vc_column_container\"><div class=\"vc_column-inner\"><div class=\"wpb_wrapper\"><\/div><\/div><\/div><\/div><div class=\"w-separator size_medium\"><\/div><div class=\"g-cols wpb_row via_flex valign_top type_default stacking_default\"><div class=\"vc_col-sm-6 wpb_column vc_column_container\"><div class=\"vc_column-inner\"><div class=\"wpb_wrapper\"><h3 class=\"w-text\"><span url class=\"w-text-h\"><span class=\"w-text-value\">Ka\u017cdy kraj jest inny<\/span><\/span><\/h3><div class=\"wpb_text_column\"><div class=\"wpb_wrapper\"><p>Proces ubiegania si\u0119 o licencje transportowe mo\u017ce r\u00f3\u017cni\u0107 si\u0119 w zale\u017cno\u015bci od kraju europejskiego, poniewa\u017c ka\u017cdy kraj ma w\u0142asne zasady i wymagania. Daems Pilot Service zna procedury licencyjne w r\u00f3\u017cnych regionach od podszewki i \u015bci\u015ble wsp\u00f3\u0142pracuje z w\u0142adzami i naszymi klientami, aby zapewni\u0107 sprawne i pomy\u015blne z\u0142o\u017cenie wniosku. Przeprowadzimy Ci\u0119 przez niezb\u0119dne kroki, pomo\u017cemy skompletowa\u0107 wymagan\u0105 dokumentacj\u0119 i u\u0142atwimy komunikacj\u0119 z odpowiednimi organami.<\/p>\n<\/div><\/div><\/div><\/div><\/div><div class=\"vc_col-sm-6 wpb_column vc_column_container\"><div class=\"vc_column-inner\"><div class=\"wpb_wrapper\"><\/div><\/div><\/div><\/div><div class=\"w-separator size_medium\"><\/div><div class=\"g-cols wpb_row via_flex valign_top type_default stacking_default\"><div class=\"vc_col-sm-6 wpb_column vc_column_container\"><div class=\"vc_column-inner\"><div class=\"wpb_wrapper\"><h3 class=\"w-text\"><span url class=\"w-text-h\"><span class=\"w-text-value\">Szczeg\u00f3\u0142owa dokumentacja<\/span><\/span><\/h3><div class=\"wpb_text_column\"><div class=\"wpb_wrapper\"><p>Aby uzyska\u0107 pozwolenie na transport, Daems Pilot Service pomaga przygotowa\u0107 szczeg\u00f3\u0142ow\u0105 dokumentacj\u0119 dotycz\u0105c\u0105 wyj\u0105tkowego \u0142adunku, w tym wymiary, wag\u0119, informacje o trasie i proponowany plan transportu. Jeste\u015bmy w pe\u0142ni zaanga\u017cowani w zapewnienie, \u017ce wszystkie niezb\u0119dne dokumenty pomocnicze, takie jak specyfikacje techniczne pojazdu i ubezpieczenie, s\u0105 w porz\u0105dku. Daems Pilot Service posiada wieloletni\u0105 wiedz\u0119 i do\u015bwiadczenie, kt\u00f3re pozwalaj\u0105 na poruszanie si\u0119 w zawi\u0142o\u015bciach procesu ubiegania si\u0119 o zezwolenia na wyj\u0105tkowy transport, oszcz\u0119dzaj\u0105c czas i pieni\u0105dze.<\/p>\n<\/div><\/div><\/div><\/div><\/div><div class=\"vc_col-sm-6 wpb_column vc_column_container\"><div class=\"vc_column-inner\"><div class=\"wpb_wrapper\"><\/div><\/div><\/div><\/div><div class=\"w-separator size_medium\"><\/div><div class=\"g-cols wpb_row via_flex valign_top type_default stacking_default\"><div class=\"vc_col-sm-6 wpb_column vc_column_container\"><div class=\"vc_column-inner\"><div class=\"wpb_wrapper\"><h3 class=\"w-text\"><span url class=\"w-text-h\"><span class=\"w-text-value\">Oferujemy zatem ogromne korzy\u015bci<\/span><\/span><\/h3><div class=\"wpb_text_column\"><div class=\"wpb_wrapper\"><p>Zlecenie obs\u0142ugi zezwole\u0144 firmie Daems Pilot Service ma zatem wiele zalet. Zapewnia to spe\u0142nienie wszystkich lokalnych przepis\u00f3w i wymog\u00f3w prawnych, istotnych dla kraju lub kraj\u00f3w, przez kt\u00f3re musi przej\u015b\u0107 wyj\u0105tkowy transport. Dzi\u0119ki odpowiednim zezwoleniom mo\u017cna unikn\u0105\u0107 problem\u00f3w na drodze i zawsze dzia\u0142a\u0107 w granicach prawa, zmniejszaj\u0105c ryzyko grzywien lub komplikacji prawnych. Zezwolenia transportowe zapewniaj\u0105 r\u00f3wnie\u017c jasno\u015b\u0107 i wytyczne dotycz\u0105ce operacji transportowych. Okre\u015blaj\u0105 one szczeg\u00f3\u0142owe warunki i ograniczenia dotycz\u0105ce \u0142adunk\u00f3w wyj\u0105tkowych, takie jak ograniczenia pr\u0119dko\u015bci, wyznaczone trasy i okre\u015blone okna czasowe dla transportu. Pozwala nam to skutecznie zaplanowa\u0107 i przeprowadzi\u0107 operacj\u0119, zminimalizowa\u0107 zak\u0142\u00f3cenia ruchu i zapewni\u0107 bezpieczny przejazd wyj\u0105tkowego \u0142adunku.<\/p>\n<\/div><\/div><\/div><\/div><\/div><div class=\"vc_col-sm-6 wpb_column vc_column_container\"><div class=\"vc_column-inner\"><div class=\"wpb_wrapper\"><\/div><\/div><\/div><\/div><div class=\"w-separator size_medium\"><\/div><div class=\"g-cols wpb_row via_flex valign_top type_default stacking_default\"><div class=\"vc_col-sm-6 wpb_column vc_column_container\"><div class=\"vc_column-inner\"><div class=\"wpb_wrapper\"><h3 class=\"w-text\"><span url class=\"w-text-h\"><span class=\"w-text-value\">Wszystko w najdrobniejszych szczeg\u00f3\u0142ach<\/span><\/span><\/h3><div class=\"wpb_text_column\"><div class=\"wpb_wrapper\"><p>Nie bez znaczenia jest fakt, \u017ce zorganizowane przez Daems Pilot Service zezwolenia na wyj\u0105tkowy transport pomagaj\u0105 zapewni\u0107 w\u0142a\u015bciw\u0105 koordynacj\u0119 ze wszystkimi zainteresowanymi stronami i w\u0142adzami. Zezwolenia s\u0142u\u017c\u0105 jako oficjalna autoryzacja, umo\u017cliwiaj\u0105c komunikacj\u0119 i skrupulatn\u0105 wsp\u00f3\u0142prac\u0119 z agencjami, w\u0142adzami lokalnymi i zak\u0142adami u\u017cyteczno\u015bci publicznej. Koordynacja ta zapewnia p\u0142ynny przep\u0142yw ruchu, niezb\u0119dne tymczasowe \u015brodki ruchu drogowego oraz wszelk\u0105 niezb\u0119dn\u0105 eskort\u0119 lub pomoc podczas transportu.<\/p>\n<\/div><\/div><\/div><\/div><\/div><div class=\"vc_col-sm-6 wpb_column vc_column_container\"><div class=\"vc_column-inner\"><div class=\"wpb_wrapper\"><\/div><\/div><\/div><\/div><\/div><\/div><\/div><\/div><\/div><\/section>\n","protected":false},"excerpt":{"rendered":"Ca\u0142a troska z twoich r\u0105kDaems Pilot Service w Malle zajmuje si\u0119 niezb\u0119dnymi zezwoleniami i zwolnieniami, a tak\u017ce prowadzeniem, rekonesansem trasy i transportem wyj\u0105tkowego \u0142adunku. W ko\u0144cu \u017cyjemy w Europie, a to oznacza wiele przepis\u00f3w, administracji i biurokracji. Ka\u017cdy kraj jest inny, ka\u017cdy region ma swoje w\u0142asne przepisy lub wyj\u0105tki. W Daems Pilot Service dok\u0142adamy wszelkich...","protected":false},"author":1,"featured_media":677,"parent":1996,"menu_order":3,"comment_status":"closed","ping_status":"closed","template":"","meta":{"footnotes":""},"categories":[33],"tags":[],"class_list":["post-1897","page","type-page","status-publish","has-post-thumbnail","hentry","category-uslugi"],"acf":[],"_links":{"self":[{"href":"https:\/\/daemspilotservice.be\/pl\/wp-json\/wp\/v2\/pages\/1897","targetHints":{"allow":["GET"]}}],"collection":[{"href":"https:\/\/daemspilotservice.be\/pl\/wp-json\/wp\/v2\/pages"}],"about":[{"href":"https:\/\/daemspilotservice.be\/pl\/wp-json\/wp\/v2\/types\/page"}],"author":[{"embeddable":true,"href":"https:\/\/daemspilotservice.be\/pl\/wp-json\/wp\/v2\/users\/1"}],"replies":[{"embeddable":true,"href":"https:\/\/daemspilotservice.be\/pl\/wp-json\/wp\/v2\/comments?post=1897"}],"version-history":[{"count":0,"href":"https:\/\/daemspilotservice.be\/pl\/wp-json\/wp\/v2\/pages\/1897\/revisions"}],"up":[{"embeddable":true,"href":"https:\/\/daemspilotservice.be\/pl\/wp-json\/wp\/v2\/pages\/1996"}],"wp:featuredmedia":[{"embeddable":true,"href":"https:\/\/daemspilotservice.be\/pl\/wp-json\/wp\/v2\/media\/677"}],"wp:attachment":[{"href":"https:\/\/daemspilotservice.be\/pl\/wp-json\/wp\/v2\/media?parent=1897"}],"wp:term":[{"taxonomy":"category","embeddable":true,"href":"https:\/\/daemspilotservice.be\/pl\/wp-json\/wp\/v2\/categories?post=1897"},{"taxonomy":"post_tag","embeddable":true,"href":"https:\/\/daemspilotservice.be\/pl\/wp-json\/wp\/v2\/tags?post=1897"}],"curies":[{"name":"wp","href":"https:\/\/api.w.org\/{rel}","templated":true}]}}